{"id":1144,"date":"2024-04-11T11:33:00","date_gmt":"2024-04-11T09:33:00","guid":{"rendered":"https:\/\/www.stephane-ducatteau.com\/?post_type=product&#038;p=1144"},"modified":"2024-04-11T17:08:53","modified_gmt":"2024-04-11T15:08:53","slug":"biais","status":"publish","type":"product","link":"https:\/\/www.stephane-ducatteau.com\/produit\/biais\/","title":{"rendered":"BIAIS"},"content":{"rendered":"<p>Table basse en m\u00e9tal compos\u00e9e de 2 \u00e9l\u00e9ments. <br \/>Acier patin\u00e9 noir.<br \/>Vernis (polyur\u00e9thane) de protection<br \/>Patins caoutchouc<br \/>Dim.: 100 x 70 cm. H : 30 cm<\/p>\n","protected":false},"excerpt":{"rendered":"<p>Table basse en m\u00e9tal<\/p>\n","protected":false},"featured_media":88,"template":"","meta":{"_monsterinsights_skip_tracking":false,"_monsterinsights_sitenote_active":false,"_monsterinsights_sitenote_note":"","_monsterinsights_sitenote_category":0,"ngg_post_thumbnail":0},"product_brand":[],"product_cat":[65],"product_tag":[],"class_list":{"0":"post-1144","1":"product","2":"type-product","3":"status-publish","4":"has-post-thumbnail","6":"product_cat-tables-basses","8":"first","9":"onbackorder","10":"shipping-taxable","11":"purchasable","12":"product-type-simple"},"aioseo_notices":[],"_links":{"self":[{"href":"https:\/\/www.stephane-ducatteau.com\/wp-json\/wp\/v2\/product\/1144","targetHints":{"allow":["GET"]}}],"collection":[{"href":"https:\/\/www.stephane-ducatteau.com\/wp-json\/wp\/v2\/product"}],"about":[{"href":"https:\/\/www.stephane-ducatteau.com\/wp-json\/wp\/v2\/types\/product"}],"wp:featuredmedia":[{"embeddable":true,"href":"https:\/\/www.stephane-ducatteau.com\/wp-json\/wp\/v2\/media\/88"}],"wp:attachment":[{"href":"https:\/\/www.stephane-ducatteau.com\/wp-json\/wp\/v2\/media?parent=1144"}],"wp:term":[{"taxonomy":"product_brand","embeddable":true,"href":"https:\/\/www.stephane-ducatteau.com\/wp-json\/wp\/v2\/product_brand?post=1144"},{"taxonomy":"product_cat","embeddable":true,"href":"https:\/\/www.stephane-ducatteau.com\/wp-json\/wp\/v2\/product_cat?post=1144"},{"taxonomy":"product_tag","embeddable":true,"href":"https:\/\/www.stephane-ducatteau.com\/wp-json\/wp\/v2\/product_tag?post=1144"}],"curies":[{"name":"wp","href":"https:\/\/api.w.org\/{rel}","templated":true}]}}